{"id":368,"date":"2025-12-17T04:09:49","date_gmt":"2025-12-17T04:09:49","guid":{"rendered":"https:\/\/gruenseemountainlodge.ch\/sustainability\/"},"modified":"2025-12-30T00:51:01","modified_gmt":"2025-12-30T00:51:01","slug":"sustainability","status":"publish","type":"page","link":"https:\/\/gruenseemountainlodge.ch\/fr\/sustainability\/","title":{"rendered":"Durabilit\u00e9"},"content":{"rendered":"\n\n  <div class=\"banner has-hover has-parallax\" id=\"banner-1231917894\">\n          <div class=\"banner-inner fill\">\n        <div class=\"banner-bg fill\" data-parallax=\"-1\" data-parallax-container=\".banner\" data-parallax-background>\n            <img loading=\"lazy\" decoding=\"async\" width=\"1920\" height=\"1440\" src=\"https:\/\/gruenseemountainlodge.ch\/wp-content\/uploads\/2025\/12\/sustainability.webp\" class=\"bg attachment-original size-original\" alt=\"\" \/>                                    \n                    <\/div>\n\t\t\n        <div class=\"banner-layers container\">\n            <div class=\"fill banner-link\"><\/div>            \n\n   <div id=\"text-box-2013532575\" class=\"text-box banner-layer x50 md-x50 lg-x50 y50 md-y50 lg-y50 res-text\">\n                                <div class=\"text-box-content text dark text-shadow-1\">\n              \n              <div class=\"text-inner text-center\">\n                  \n\n<h1>Durabilit\u00e9<\/h1>\n\n              <\/div>\n           <\/div>\n                            \n<style>\n#text-box-2013532575 {\n  width: 60%;\n}\n#text-box-2013532575 .text-box-content {\n  font-size: 100%;\n}\n<\/style>\n    <\/div>\n \n\n        <\/div>\n      <\/div>\n\n            \n<style>\n#banner-1231917894 {\n  padding-top: 450px;\n}\n#banner-1231917894 .banner-bg img {\n  object-position: 50% 75%;\n}\n<\/style>\n  <\/div>\n\n\n\n\t<section class=\"section\" id=\"section_1355787920\">\n\t\t<div class=\"section-bg fill\" >\n\t\t\t\t\t\t\t\t\t\n\t\t\t\n\n\t\t<\/div>\n\n\t\t\n\n\t\t<div class=\"section-content relative\">\n\t\t\t\n\n\t<div id=\"gap-213533198\" class=\"gap-element clearfix\" style=\"display:block; height:auto;\">\n\t\t\n<style>\n#gap-213533198 {\n  padding-top: 30px;\n}\n<\/style>\n\t<\/div>\n\t\n\n<div class=\"row\"  id=\"row-1832147245\">\n\n\n\t<div id=\"col-1418592047\" class=\"col small-12 large-12\"  >\n\t\t\t\t<div class=\"col-inner text-center\"  >\n\t\t\t\n\t\t\t\n\n<h1 class=\"green\"> Plus de 100 ans d\u2019existence en harmonie avec la nature <\/h1>\n<p>La protection de la nature, pour les g\u00e9n\u00e9rations futures, nous tient particuli\u00e8rement \u00e0 c\u0153ur. La Zermatt Hospitality Group tient depuis toujours \u00e0 prot\u00e9ger l\u2019environnement naturel local et continue de s\u2019engager en faveur du d\u00e9veloppement durable de la r\u00e9gion. Nous sommes fiers de collaborer avec les organismes certifi\u00e9s suivants :<\/p>\n\n\n\t\t<\/div>\n\t\t\t\t\t<\/div>\n\n\t\n\n<\/div>\n\t<div id=\"gap-1650152032\" class=\"gap-element clearfix\" style=\"display:block; height:auto;\">\n\t\t\n<style>\n#gap-1650152032 {\n  padding-top: 30px;\n}\n<\/style>\n\t<\/div>\n\t\n\n<div class=\"row align-middle nature--row\"  id=\"row-447304404\">\n\n\n\t<div id=\"col-1916122868\" class=\"col medium-6 small-12 large-6\"  >\n\t\t\t\t<div class=\"col-inner\"  >\n\t\t\t\n\t\t\t\n\n\t<div class=\"img has-hover x md-x lg-x y md-y lg-y\" id=\"image_1454166003\">\n\t\t\t\t\t\t\t\t<div class=\"img-inner dark\" >\n\t\t\t<img loading=\"lazy\" decoding=\"async\" width=\"882\" height=\"442\" src=\"https:\/\/gruenseemountainlodge.ch\/wp-content\/uploads\/2025\/12\/sustainability.jpg\" class=\"attachment-original size-original\" alt=\"\" srcset=\"https:\/\/gruenseemountainlodge.ch\/wp-content\/uploads\/2025\/12\/sustainability.jpg 882w, https:\/\/gruenseemountainlodge.ch\/wp-content\/uploads\/2025\/12\/sustainability-300x150.jpg 300w, https:\/\/gruenseemountainlodge.ch\/wp-content\/uploads\/2025\/12\/sustainability-768x385.jpg 768w\" sizes=\"auto, (max-width: 882px) 100vw, 882px\" \/>\t\t\t\t\t\t\n\t\t\t\t\t<\/div>\n\t\t\t\t\t\t\t\t\n<style>\n#image_1454166003 {\n  width: 100%;\n}\n<\/style>\n\t<\/div>\n\t\n\n\n\t\t<\/div>\n\t\t\t\t\t<\/div>\n\n\t\n\n\t<div id=\"col-1316744974\" class=\"col medium-6 small-12 large-6\"  >\n\t\t\t\t<div class=\"col-inner\"  >\n\t\t\t\n\t\t\t\n\n<h3 class=\"green\"> Swisstainable <\/h3>\n<p>Du \u00abchampion cach\u00e9\u00bb au leader en mati\u00e8re de durabilit\u00e9: en Suisse, la durabilit\u00e9 est une \u00e9vidence depuis des ann\u00e9es. Ce label de la nouvelle strat\u00e9gie de durabilit\u00e9 de Suisse Tourisme (ST) vise \u00e0 en informer le grand public.<\/p>\n<a href=\"https:\/\/www.myswitzerland.com\/fr-ch\/planification\/vie-pratique\/la-suisse-durable-par-nature\/prestataires-de-services-swisstainable\/\" target=\"_blank\" class=\"button primary is-link\" rel=\"noopener\" >\n\t\t<span>En savoir plus<\/span>\n\t<\/a>\n\n\n\n\t\t<\/div>\n\t\t\t\t\t<\/div>\n\n\t\n\n<\/div>\n<div class=\"row align-middle nature--row\"  id=\"row-591445803\">\n\n\n\t<div id=\"col-483987259\" class=\"col medium-6 small-12 large-6\"  >\n\t\t\t\t<div class=\"col-inner\"  >\n\t\t\t\n\t\t\t\n\n<h3 class=\"green\">  ISO 14001:2015 Syst\u00e8mes De Management Environnemental <\/h3>\n<p>Le Zermatt Hospitality Group a obtenu la certification ISO 14001:2015 de la Swiss Association for Quality and Management Systems (SQS). Il suit une politique de durabilit\u00e9 sp\u00e9cifique comprenant des mesures d\u2019\u00e9conomie d\u2019\u00e9nergie, la gestion et le recyclage des d\u00e9chets, ainsi que la r\u00e9duction des \u00e9missions de carbone.<\/p>\n<a href=\"https:\/\/www.sqs.ch\/fr\" target=\"_blank\" class=\"button primary is-link\" rel=\"noopener\" >\n\t\t<span>En savoir plus<\/span>\n\t<\/a>\n\n\n\n\t\t<\/div>\n\t\t\t\t\t<\/div>\n\n\t\n\n\t<div id=\"col-1741896437\" class=\"col medium-6 small-12 large-6 small-col-first\"  >\n\t\t\t\t<div class=\"col-inner\"  >\n\t\t\t\n\t\t\t\n\n\t<div class=\"img has-hover x md-x lg-x y md-y lg-y\" id=\"image_1142591205\">\n\t\t\t\t\t\t\t\t<div class=\"img-inner dark\" >\n\t\t\t<img loading=\"lazy\" decoding=\"async\" width=\"882\" height=\"442\" src=\"https:\/\/gruenseemountainlodge.ch\/wp-content\/uploads\/2025\/12\/sqs.jpg\" class=\"attachment-original size-original\" alt=\"\" srcset=\"https:\/\/gruenseemountainlodge.ch\/wp-content\/uploads\/2025\/12\/sqs.jpg 882w, https:\/\/gruenseemountainlodge.ch\/wp-content\/uploads\/2025\/12\/sqs-300x150.jpg 300w, https:\/\/gruenseemountainlodge.ch\/wp-content\/uploads\/2025\/12\/sqs-768x385.jpg 768w\" sizes=\"auto, (max-width: 882px) 100vw, 882px\" \/>\t\t\t\t\t\t\n\t\t\t\t\t<\/div>\n\t\t\t\t\t\t\t\t\n<style>\n#image_1142591205 {\n  width: 100%;\n}\n<\/style>\n\t<\/div>\n\t\n\n\n\t\t<\/div>\n\t\t\t\t\t<\/div>\n\n\t\n\n<\/div>\n\n\t\t<\/div>\n\n\t\t\n<style>\n#section_1355787920 {\n  padding-top: 30px;\n  padding-bottom: 30px;\n}\n<\/style>\n\t<\/section>\n\t\n\n","protected":false},"excerpt":{"rendered":"","protected":false},"author":1,"featured_media":0,"parent":0,"menu_order":0,"comment_status":"closed","ping_status":"closed","template":"","meta":{"_acf_changed":false,"footnotes":""},"class_list":["post-368","page","type-page","status-publish","hentry"],"acf":[],"yoast_head":"<!-- This site is optimized with the Yoast SEO plugin v27.2 - https:\/\/yoast.com\/product\/yoast-seo-wordpress\/ -->\n<title>Gr\u00fcnsee Mountain Lodge | Le lodge durable<\/title>\n<meta name=\"description\" content=\"Le lodge soucie depuis toujours de la protection de l\u2019environnement, pour les g\u00e9n\u00e9rations futures, et s\u2019engage en faveur d\u2019un d\u00e9veloppement durable dans la r\u00e9gion.\" \/>\n<meta name=\"robots\" content=\"index, follow, max-snippet:-1, max-image-preview:large, max-video-preview:-1\" \/>\n<link rel=\"canonical\" href=\"https:\/\/gruenseemountainlodge.ch\/fr\/sustainability\/\" \/>\n<meta property=\"og:locale\" content=\"fr_FR\" \/>\n<meta property=\"og:type\" content=\"article\" \/>\n<meta property=\"og:title\" content=\"Gr\u00fcnsee Mountain Lodge | Le lodge durable\" \/>\n<meta property=\"og:description\" content=\"Le lodge soucie depuis toujours de la protection de l\u2019environnement, pour les g\u00e9n\u00e9rations futures, et s\u2019engage en faveur d\u2019un d\u00e9veloppement durable dans la r\u00e9gion.\" \/>\n<meta property=\"og:url\" content=\"https:\/\/gruenseemountainlodge.ch\/fr\/sustainability\/\" \/>\n<meta property=\"og:site_name\" content=\"Gr\u00fcnsee Mountain Lodge\" \/>\n<meta property=\"article:modified_time\" content=\"2025-12-30T00:51:01+00:00\" \/>\n<meta property=\"og:image\" content=\"https:\/\/gruenseemountainlodge.ch\/wp-content\/uploads\/2025\/12\/winter-exterior-1741864891856-photo-scaled.jpeg\" \/>\n\t<meta property=\"og:image:width\" content=\"2560\" \/>\n\t<meta property=\"og:image:height\" content=\"1440\" \/>\n\t<meta property=\"og:image:type\" content=\"image\/jpeg\" \/>\n<meta name=\"twitter:card\" content=\"summary_large_image\" \/>\n<meta name=\"twitter:label1\" content=\"Dur\u00e9e de lecture estim\u00e9e\" \/>\n\t<meta name=\"twitter:data1\" content=\"1 minute\" \/>\n<script type=\"application\/ld+json\" class=\"yoast-schema-graph\">{\"@context\":\"https:\/\/schema.org\",\"@graph\":[{\"@type\":\"WebPage\",\"@id\":\"https:\/\/gruenseemountainlodge.ch\/fr\/sustainability\/\",\"url\":\"https:\/\/gruenseemountainlodge.ch\/fr\/sustainability\/\",\"name\":\"Gr\u00fcnsee Mountain Lodge | Le lodge durable\",\"isPartOf\":{\"@id\":\"https:\/\/gruenseemountainlodge.ch\/fr\/#website\"},\"datePublished\":\"2025-12-17T04:09:49+00:00\",\"dateModified\":\"2025-12-30T00:51:01+00:00\",\"description\":\"Le lodge soucie depuis toujours de la protection de l\u2019environnement, pour les g\u00e9n\u00e9rations futures, et s\u2019engage en faveur d\u2019un d\u00e9veloppement durable dans la r\u00e9gion.\",\"breadcrumb\":{\"@id\":\"https:\/\/gruenseemountainlodge.ch\/fr\/sustainability\/#breadcrumb\"},\"inLanguage\":\"fr-FR\",\"potentialAction\":[{\"@type\":\"ReadAction\",\"target\":[\"https:\/\/gruenseemountainlodge.ch\/fr\/sustainability\/\"]}]},{\"@type\":\"BreadcrumbList\",\"@id\":\"https:\/\/gruenseemountainlodge.ch\/fr\/sustainability\/#breadcrumb\",\"itemListElement\":[{\"@type\":\"ListItem\",\"position\":1,\"name\":\"Home\",\"item\":\"https:\/\/gruenseemountainlodge.ch\/fr\/\"},{\"@type\":\"ListItem\",\"position\":2,\"name\":\"Durabilit\u00e9\"}]},{\"@type\":\"WebSite\",\"@id\":\"https:\/\/gruenseemountainlodge.ch\/fr\/#website\",\"url\":\"https:\/\/gruenseemountainlodge.ch\/fr\/\",\"name\":\"Gr\u00fcnsee Mountain Lodge\",\"description\":\"\",\"publisher\":{\"@id\":\"https:\/\/gruenseemountainlodge.ch\/fr\/#organization\"},\"potentialAction\":[{\"@type\":\"SearchAction\",\"target\":{\"@type\":\"EntryPoint\",\"urlTemplate\":\"https:\/\/gruenseemountainlodge.ch\/fr\/?s={search_term_string}\"},\"query-input\":{\"@type\":\"PropertyValueSpecification\",\"valueRequired\":true,\"valueName\":\"search_term_string\"}}],\"inLanguage\":\"fr-FR\"},{\"@type\":\"Organization\",\"@id\":\"https:\/\/gruenseemountainlodge.ch\/fr\/#organization\",\"name\":\"Gr\u00fcnsee Mountain Lodge\",\"url\":\"https:\/\/gruenseemountainlodge.ch\/fr\/\",\"logo\":{\"@type\":\"ImageObject\",\"inLanguage\":\"fr-FR\",\"@id\":\"https:\/\/gruenseemountainlodge.ch\/fr\/#\/schema\/logo\/image\/\",\"url\":\"https:\/\/gruenseemountainlodge.ch\/wp-content\/uploads\/2025\/12\/winter-exterior-1741864891856-photo-scaled.jpeg\",\"contentUrl\":\"https:\/\/gruenseemountainlodge.ch\/wp-content\/uploads\/2025\/12\/winter-exterior-1741864891856-photo-scaled.jpeg\",\"width\":2560,\"height\":1440,\"caption\":\"Gr\u00fcnsee Mountain Lodge\"},\"image\":{\"@id\":\"https:\/\/gruenseemountainlodge.ch\/fr\/#\/schema\/logo\/image\/\"}}]}<\/script>\n<!-- \/ Yoast SEO plugin. -->","yoast_head_json":{"title":"Gr\u00fcnsee Mountain Lodge | Le lodge durable","description":"Le lodge soucie depuis toujours de la protection de l\u2019environnement, pour les g\u00e9n\u00e9rations futures, et s\u2019engage en faveur d\u2019un d\u00e9veloppement durable dans la r\u00e9gion.","robots":{"index":"index","follow":"follow","max-snippet":"max-snippet:-1","max-image-preview":"max-image-preview:large","max-video-preview":"max-video-preview:-1"},"canonical":"https:\/\/gruenseemountainlodge.ch\/fr\/sustainability\/","og_locale":"fr_FR","og_type":"article","og_title":"Gr\u00fcnsee Mountain Lodge | Le lodge durable","og_description":"Le lodge soucie depuis toujours de la protection de l\u2019environnement, pour les g\u00e9n\u00e9rations futures, et s\u2019engage en faveur d\u2019un d\u00e9veloppement durable dans la r\u00e9gion.","og_url":"https:\/\/gruenseemountainlodge.ch\/fr\/sustainability\/","og_site_name":"Gr\u00fcnsee Mountain Lodge","article_modified_time":"2025-12-30T00:51:01+00:00","og_image":[{"width":2560,"height":1440,"url":"https:\/\/gruenseemountainlodge.ch\/wp-content\/uploads\/2025\/12\/winter-exterior-1741864891856-photo-scaled.jpeg","type":"image\/jpeg"}],"twitter_card":"summary_large_image","twitter_misc":{"Dur\u00e9e de lecture estim\u00e9e":"1 minute"},"schema":{"@context":"https:\/\/schema.org","@graph":[{"@type":"WebPage","@id":"https:\/\/gruenseemountainlodge.ch\/fr\/sustainability\/","url":"https:\/\/gruenseemountainlodge.ch\/fr\/sustainability\/","name":"Gr\u00fcnsee Mountain Lodge | Le lodge durable","isPartOf":{"@id":"https:\/\/gruenseemountainlodge.ch\/fr\/#website"},"datePublished":"2025-12-17T04:09:49+00:00","dateModified":"2025-12-30T00:51:01+00:00","description":"Le lodge soucie depuis toujours de la protection de l\u2019environnement, pour les g\u00e9n\u00e9rations futures, et s\u2019engage en faveur d\u2019un d\u00e9veloppement durable dans la r\u00e9gion.","breadcrumb":{"@id":"https:\/\/gruenseemountainlodge.ch\/fr\/sustainability\/#breadcrumb"},"inLanguage":"fr-FR","potentialAction":[{"@type":"ReadAction","target":["https:\/\/gruenseemountainlodge.ch\/fr\/sustainability\/"]}]},{"@type":"BreadcrumbList","@id":"https:\/\/gruenseemountainlodge.ch\/fr\/sustainability\/#breadcrumb","itemListElement":[{"@type":"ListItem","position":1,"name":"Home","item":"https:\/\/gruenseemountainlodge.ch\/fr\/"},{"@type":"ListItem","position":2,"name":"Durabilit\u00e9"}]},{"@type":"WebSite","@id":"https:\/\/gruenseemountainlodge.ch\/fr\/#website","url":"https:\/\/gruenseemountainlodge.ch\/fr\/","name":"Gr\u00fcnsee Mountain Lodge","description":"","publisher":{"@id":"https:\/\/gruenseemountainlodge.ch\/fr\/#organization"},"potentialAction":[{"@type":"SearchAction","target":{"@type":"EntryPoint","urlTemplate":"https:\/\/gruenseemountainlodge.ch\/fr\/?s={search_term_string}"},"query-input":{"@type":"PropertyValueSpecification","valueRequired":true,"valueName":"search_term_string"}}],"inLanguage":"fr-FR"},{"@type":"Organization","@id":"https:\/\/gruenseemountainlodge.ch\/fr\/#organization","name":"Gr\u00fcnsee Mountain Lodge","url":"https:\/\/gruenseemountainlodge.ch\/fr\/","logo":{"@type":"ImageObject","inLanguage":"fr-FR","@id":"https:\/\/gruenseemountainlodge.ch\/fr\/#\/schema\/logo\/image\/","url":"https:\/\/gruenseemountainlodge.ch\/wp-content\/uploads\/2025\/12\/winter-exterior-1741864891856-photo-scaled.jpeg","contentUrl":"https:\/\/gruenseemountainlodge.ch\/wp-content\/uploads\/2025\/12\/winter-exterior-1741864891856-photo-scaled.jpeg","width":2560,"height":1440,"caption":"Gr\u00fcnsee Mountain Lodge"},"image":{"@id":"https:\/\/gruenseemountainlodge.ch\/fr\/#\/schema\/logo\/image\/"}}]}},"_links":{"self":[{"href":"https:\/\/gruenseemountainlodge.ch\/fr\/wp-json\/wp\/v2\/pages\/368","targetHints":{"allow":["GET"]}}],"collection":[{"href":"https:\/\/gruenseemountainlodge.ch\/fr\/wp-json\/wp\/v2\/pages"}],"about":[{"href":"https:\/\/gruenseemountainlodge.ch\/fr\/wp-json\/wp\/v2\/types\/page"}],"author":[{"embeddable":true,"href":"https:\/\/gruenseemountainlodge.ch\/fr\/wp-json\/wp\/v2\/users\/1"}],"replies":[{"embeddable":true,"href":"https:\/\/gruenseemountainlodge.ch\/fr\/wp-json\/wp\/v2\/comments?post=368"}],"version-history":[{"count":8,"href":"https:\/\/gruenseemountainlodge.ch\/fr\/wp-json\/wp\/v2\/pages\/368\/revisions"}],"predecessor-version":[{"id":701,"href":"https:\/\/gruenseemountainlodge.ch\/fr\/wp-json\/wp\/v2\/pages\/368\/revisions\/701"}],"wp:attachment":[{"href":"https:\/\/gruenseemountainlodge.ch\/fr\/wp-json\/wp\/v2\/media?parent=368"}],"curies":[{"name":"wp","href":"https:\/\/api.w.org\/{rel}","templated":true}]}}